{"id":2570,"date":"2017-07-17T01:17:24","date_gmt":"2017-07-16T22:17:24","guid":{"rendered":"https:\/\/adrianbuliga.com\/contact\/"},"modified":"2023-04-04T17:45:49","modified_gmt":"2023-04-04T14:45:49","slug":"contact","status":"publish","type":"page","link":"https:\/\/adrianbuliga.com\/fr\/contact\/","title":{"rendered":"Contact"},"content":{"rendered":"<section class=\"wpb-content-wrapper\"><p>[vc_row][vc_column][vc_raw_js]JTNDc2NyaXB0JTNFJTBBalF1ZXJ5JTI4ZG9jdW1lbnQlMjkucmVhZHklMjhmdW5jdGlvbiUyOCUyOSU3QiUwQSUyMCUyMCUyMCUyMGpRdWVyeSUyOCUyNy5pY29uLWRlc2NyaXB0aW9uJTI3JTI5LmVhY2glMjhmdW5jdGlvbiUyOCUyOSU3QiUwQSUyMCUyMCUyMCUyMCUyMCUyMCUyMCUyMHZhciUyMHN0ciUyMCUzRCUyMCUyNCUyOHRoaXMlMjkuaHRtbCUyOCUyOSUzQiUyMCUyMCUyMCUyMCUyMCUyMCUyMCUwQSUyMCUyMCUyMCUyMCUyMCUyMCUyMCUyMHZhciUyMHJlZ2V4JTIwJTNEJTIwJTJGJTVDJTJCNCUyMDA3NDclMjAxNDklMjAxNjUlMkZpZyUyMCUyMCUyMCUyMCUyMCUwQSUyMCUyMCUyMCUyMCUyMCUyMCUyMCUyMHZhciUyMHJlcGxhY2VkX3RleHQlMjAlM0QlMjBzdHIucmVwbGFjZSUyOHJlZ2V4JTJDJTIwJTIyJTNDYSUyMGhyZWYlM0QlMjd0ZWwlM0ElMkI0MDc0NzE0OTE2NSUyNyUyMHRhcmdldCUzRCUyN19ibGFuayUyNyUzRSUyQjQlMjAwNzQ3JTIwMTQ5JTIwMTY1JTNDJTJGYSUzRSUyMiUyOSUzQiUwQSUyMCUyMCUyMCUyMGpRdWVyeSUyOHRoaXMlMjkuaHRtbCUyOHJlcGxhY2VkX3RleHQlMjklM0IlMEElMjAlMjAlMjAlMjAlN0QlMjklM0IlMEElN0QlMjklM0IlMEElM0MlMkZzY3JpcHQlM0U=[\/vc_raw_js][vc_raw_js]JTNDc2NyaXB0JTNFJTBBalF1ZXJ5JTI4ZG9jdW1lbnQlMjkucmVhZHklMjhmdW5jdGlvbiUyOCUyOSU3QiUwQSUyMCUyMCUyMCUyMGpRdWVyeSUyOCUyNy5pY29uLWRlc2NyaXB0aW9uJTI3JTI5LmVhY2glMjhmdW5jdGlvbiUyOCUyOSU3QiUwQSUyMCUyMCUyMCUyMCUyMCUyMCUyMCUyMHZhciUyMHN0cjIlMjAlM0QlMjAlMjQlMjh0aGlzJTI5Lmh0bWwlMjglMjklM0IlMEElMjAlMjAlMjAlMjAlMjAlMjAlMjAlMjB2YXIlMjByZWdleDIlMjAlM0QlMjAlMkZjb250YWN0JTQwYWRyaWFuYnVsaWdhJTVDLmNvbSUyRmlnJTBBJTIwJTIwJTIwJTIwJTIwJTIwJTIwJTIwdmFyJTIwcmVwbGFjZWRfdGV4dDIlMjAlM0QlMjBzdHIyLnJlcGxhY2UlMjhyZWdleDIlMkMlMjAlMjIlM0NhJTIwaHJlZiUzRCUyN21haWx0byUzQWNvbnRhY3QlNDBhZHJpYW5idWxpZ2EuY29tJTI3JTIwdGFyZ2V0JTNEJTI3X2JsYW5rJTI3JTNFY29udGFjdCU0MGFkcmlhbmJ1bGlnYS5jb20lM0MlMkZhJTNFJTIyJTI5JTNCJTBBJTIwJTIwJTIwJTIwJTIwalF1ZXJ5JTI4dGhpcyUyOS5odG1sJTI4cmVwbGFjZWRfdGV4dDIlMjklM0IlMEElMjAlMjAlMjAlMjAlN0QlMjklM0IlMEElN0QlMjklM0IlMEElM0MlMkZzY3JpcHQlM0U=[\/vc_raw_js][\/vc_column][\/vc_row][vc_row css=\u00a0\u00bb.vc_custom_1501038356247{padding-top: 8% !important;padding-bottom: 6% !important;}\u00a0\u00bb][vc_column][vc_row_inner][vc_column_inner][vc_custom_heading heading_style=\u00a0\u00bbheading_style_1&Prime; text=\u00a0\u00bbContact\u00a0\u00bb font_container=\u00a0\u00bbtag:h2|text_align:center\u00a0\u00bb use_theme_fonts=\u00a0\u00bbyes\u00a0\u00bb][vc_custom_heading heading_style=\u00a0\u00bbsub_heading_style_1&Prime; text=\u00a0\u00bbAVEZ VOUS UN PROJET? CHOISISSEZ DE TRAVAILLER AVEC MOI!\u00a0\u00bb font_container=\u00a0\u00bbtag:h2|text_align:center\u00a0\u00bb use_theme_fonts=\u00a0\u00bbyes\u00a0\u00bb][\/vc_column_inner][\/vc_row_inner][vc_row_inner css=\u00a0\u00bb.vc_custom_1501037364667{padding-top: 6% !important;}\u00a0\u00bb][vc_column_inner width=\u00a0\u00bb1\/3&Prime;]            <div class=\" \">\n                    <div class=\"icon-box-shortcode-wrapper style_2\">\n        <div class=\"icon-box-container\">\n                    <a href=\"tel:+40747149165\" title=\"\" target=\"_self\">\n                    <div class=\"icon-wrap\" style=\"color:#fd6500\">\n                <span class=\"fas fa-mobile-alt\"><\/span>\n            <\/div>    \n                    <\/a>\n                    <div class=\"icon-content\">\n                <h2 class=\"icon-title\">\n                                            <a href=\"\" title=\"\" target=\"_self\">\n                                        T\u00e9l\u00e9phone                                            <\/a>\n                                    <\/h2>\n                <p class=\"icon-description\">+4 0747 149 165<\/p>\n            <\/div>\n        <\/div>\n    <\/div>\n            <\/div>\n        [\/vc_column_inner][vc_column_inner width=\u00a0\u00bb1\/3&Prime;]            <div class=\" \">\n                    <div class=\"icon-box-shortcode-wrapper style_2\">\n        <div class=\"icon-box-container\">\n                    <div class=\"icon-wrap\" style=\"color:#fd6500\">\n                <span class=\"fas fa-map-marker\"><\/span>\n            <\/div>    \n                    <div class=\"icon-content\">\n                <h2 class=\"icon-title\">\n                                        Adresse                                    <\/h2>\n                <p class=\"icon-description\">Ia\u0219i, Rom\u00e2nia<\/p>\n            <\/div>\n        <\/div>\n    <\/div>\n            <\/div>\n        [\/vc_column_inner][vc_column_inner width=\u00a0\u00bb1\/3&Prime;]            <div class=\" \">\n                    <div class=\"icon-box-shortcode-wrapper style_2\">\n        <div class=\"icon-box-container\">\n                    <a href=\"mailto:contact@adrianbuliga.com\" title=\"\" target=\"_self\">\n                    <div class=\"icon-wrap\" style=\"color:#fd6500\">\n                <span class=\"fas fa-envelope\"><\/span>\n            <\/div>    \n                    <\/a>\n                    <div class=\"icon-content\">\n                <h2 class=\"icon-title\">\n                                            <a href=\"\" title=\"\" target=\"_self\">\n                                        Email                                            <\/a>\n                                    <\/h2>\n                <p class=\"icon-description\">contact@adrianbuliga.com<\/p>\n            <\/div>\n        <\/div>\n    <\/div>\n            <\/div>\n        [\/vc_column_inner][\/vc_row_inner][\/vc_column][\/vc_row][vc_row][vc_column][vc_row_inner css=\u00a0\u00bb.vc_custom_1501040181548{padding-bottom: 6% !important;}\u00a0\u00bb][vc_column_inner][vc_custom_heading heading_style=\u00a0\u00bbheading_style_1&Prime; text=\u00a0\u00bbEnvoyer un message\u00a0\u00bb font_container=\u00a0\u00bbtag:h2|text_align:center\u00a0\u00bb use_theme_fonts=\u00a0\u00bbyes\u00a0\u00bb][vc_custom_heading heading_style=\u00a0\u00bbsub_heading_style_1&Prime; text=\u00a0\u00bbNOUS METTONS VOTRE ID\u00c9E \u00c0 LA LUMI\u00c8RE DEVOTRE MEILLEUR!\u00a0\u00bb font_container=\u00a0\u00bbtag:h2|text_align:center\u00a0\u00bb use_theme_fonts=\u00a0\u00bbyes\u00a0\u00bb][\/vc_column_inner][\/vc_row_inner][vc_row_inner][vc_column_inner width=\u00a0\u00bb1\/6&Prime;][\/vc_column_inner][vc_column_inner width=\u00a0\u00bb2\/3&Prime;][vc_column_text]<\/p>\n<p style=\"text-align: center;\">\n<div class=\"wpcf7 no-js\" id=\"wpcf7-f2621-o1\" lang=\"en-US\" dir=\"ltr\">\n<div class=\"screen-reader-response\"><p role=\"status\" aria-live=\"polite\" aria-atomic=\"true\"><\/p> <ul><\/ul><\/div>\n<form action=\"\/fr\/wp-json\/wp\/v2\/pages\/2570#wpcf7-f2621-o1\" method=\"post\" class=\"wpcf7-form init\" aria-label=\"Contact form\" novalidate=\"novalidate\" data-status=\"init\">\n<div style=\"display: none;\">\n<input type=\"hidden\" name=\"_wpcf7\" value=\"2621\" \/>\n<input type=\"hidden\" name=\"_wpcf7_version\" value=\"5.8.7\" \/>\n<input type=\"hidden\" name=\"_wpcf7_locale\" value=\"en_US\" \/>\n<input type=\"hidden\" name=\"_wpcf7_unit_tag\" value=\"wpcf7-f2621-o1\" \/>\n<input type=\"hidden\" name=\"_wpcf7_container_post\" value=\"0\" \/>\n<input type=\"hidden\" name=\"_wpcf7_posted_data_hash\" value=\"\" \/>\n<input type=\"hidden\" name=\"_wpcf7_recaptcha_response\" value=\"\" \/>\n<\/div>\n<div class=\"contact-form\">\n\t<div class=\"contact-name\">\n\t\t<div>\n\t\t\t<p><span class=\"wpcf7-form-control-wrap\" data-name=\"your-name\"><input size=\"40\" class=\"wpcf7-form-control wpcf7-text wpcf7-validates-as-required\" aria-required=\"true\" aria-invalid=\"false\" placeholder=\"Nom *\" value=\"\" type=\"text\" name=\"your-name\" \/><\/span>\n\t\t\t<\/p>\n\t\t<\/div>\n\t<\/div>\n\t<div class=\"contact-email\">\n\t\t<div>\n\t\t\t<p><span class=\"wpcf7-form-control-wrap\" data-name=\"your-email\"><input size=\"40\" class=\"wpcf7-form-control wpcf7-email wpcf7-validates-as-required wpcf7-text wpcf7-validates-as-email\" aria-required=\"true\" aria-invalid=\"false\" placeholder=\"Email *\" value=\"\" type=\"email\" name=\"your-email\" \/><\/span>\n\t\t\t<\/p>\n\t\t<\/div>\n\t<\/div>\n\t<div class=\"contact-subject\">\n\t\t<div>\n\t\t\t<p><span class=\"wpcf7-form-control-wrap\" data-name=\"your-subject\"><input size=\"40\" class=\"wpcf7-form-control wpcf7-text\" aria-invalid=\"false\" placeholder=\"Subject\" value=\"\" type=\"text\" name=\"your-subject\" \/><\/span>\n\t\t\t<\/p>\n\t\t<\/div>\n\t<\/div>\n\t<div class=\"contact-message\">\n\t\t<div>\n\t\t\t<p><span class=\"wpcf7-form-control-wrap\" data-name=\"your-message\"><textarea cols=\"40\" rows=\"10\" class=\"wpcf7-form-control wpcf7-textarea\" aria-invalid=\"false\" placeholder=\"Message\" name=\"your-message\"><\/textarea><\/span>\n\t\t\t<\/p>\n\t\t<\/div>\n\t<\/div>\n\t<div class=\"contact-submit\">\n\t\t<p><input class=\"wpcf7-form-control wpcf7-submit has-spinner\" type=\"submit\" value=\"Envoyer le message\" \/>\n\t\t<\/p>\n\t<\/div>\n<\/div><div class=\"wpcf7-response-output\" aria-hidden=\"true\"><\/div>\n<\/form>\n<\/div>\n<p>[\/vc_column_text][\/vc_column_inner][vc_column_inner width=\u00a0\u00bb1\/6&Prime;][\/vc_column_inner][\/vc_row_inner][\/vc_column][\/vc_row]<\/p>\n<\/section>","protected":false},"excerpt":{"rendered":"<p>[vc_row][vc_column][vc_raw_js]JTNDc2NyaXB0JTNFJTBBalF1ZXJ5JTI4ZG9jdW1lbnQlMjkucmVhZHklMjhmdW5jdGlvbiUyOCUyOSU3QiUwQSUyMCUyMCUyMCUyMGpRdWVyeSUyOCUyNy5pY29uLWRlc2NyaXB0aW9uJTI3JTI5LmVhY2glMjhmdW5jdGlvbiUyOCUyOSU3QiUwQSUyMCUyMCUyMCUyMCUyMCUyMCUyMCUyMHZhciUyMHN0ciUyMCUzRCUyMCUyNCUyOHRoaXMlMjkuaHRtbCUyOCUyOSUzQiUyMCUyMCUyMCUyMCUyMCUyMCUyMCUwQSUyMCUyMCUyMCUyMCUyMCUyMCUyMCUyMHZhciUyMHJlZ2V4JTIwJTNEJTIwJTJGJTVDJTJCNCUyMDA3NDclMjAxNDklMjAxNjUlMkZpZyUyMCUyMCUyMCUyMCUyMCUwQSUyMCUyMCUyMCUyMCUyMCUyMCUyMCUyMHZhciUyMHJlcGxhY2VkX3RleHQlMjAlM0QlMjBzdHIucmVwbGFjZSUyOHJlZ2V4JTJDJTIwJTIyJTNDYSUyMGhyZWYlM0QlMjd0ZWwlM0ElMkI0MDc0NzE0OTE2NSUyNyUyMHRhcmdldCUzRCUyN19ibGFuayUyNyUzRSUyQjQlMjAwNzQ3JTIwMTQ5JTIwMTY1JTNDJTJGYSUzRSUyMiUyOSUzQiUwQSUyMCUyMCUyMCUyMGpRdWVyeSUyOHRoaXMlMjkuaHRtbCUyOHJlcGxhY2VkX3RleHQlMjklM0IlMEElMjAlMjAlMjAlMjAlN0QlMjklM0IlMEElN0QlMjklM0IlMEElM0MlMkZzY3JpcHQlM0U=[\/vc_raw_js][vc_raw_js]JTNDc2NyaXB0JTNFJTBBalF1ZXJ5JTI4ZG9jdW1lbnQlMjkucmVhZHklMjhmdW5jdGlvbiUyOCUyOSU3QiUwQSUyMCUyMCUyMCUyMGpRdWVyeSUyOCUyNy5pY29uLWRlc2NyaXB0aW9uJTI3JTI5LmVhY2glMjhmdW5jdGlvbiUyOCUyOSU3QiUwQSUyMCUyMCUyMCUyMCUyMCUyMCUyMCUyMHZhciUyMHN0cjIlMjAlM0QlMjAlMjQlMjh0aGlzJTI5Lmh0bWwlMjglMjklM0IlMEElMjAlMjAlMjAlMjAlMjAlMjAlMjAlMjB2YXIlMjByZWdleDIlMjAlM0QlMjAlMkZjb250YWN0JTQwYWRyaWFuYnVsaWdhJTVDLmNvbSUyRmlnJTBBJTIwJTIwJTIwJTIwJTIwJTIwJTIwJTIwdmFyJTIwcmVwbGFjZWRfdGV4dDIlMjAlM0QlMjBzdHIyLnJlcGxhY2UlMjhyZWdleDIlMkMlMjAlMjIlM0NhJTIwaHJlZiUzRCUyN21haWx0byUzQWNvbnRhY3QlNDBhZHJpYW5idWxpZ2EuY29tJTI3JTIwdGFyZ2V0JTNEJTI3X2JsYW5rJTI3JTNFY29udGFjdCU0MGFkcmlhbmJ1bGlnYS5jb20lM0MlMkZhJTNFJTIyJTI5JTNCJTBBJTIwJTIwJTIwJTIwJTIwalF1ZXJ5JTI4dGhpcyUyOS5odG1sJTI4cmVwbGFjZWRfdGV4dDIlMjklM0IlMEElMjAlMjAlMjAlMjAlN0QlMjklM0IlMEElN0QlMjklM0IlMEElM0MlMkZzY3JpcHQlM0U=[\/vc_raw_js][\/vc_column][\/vc_row][vc_row css=\u00a0\u00bb.vc_custom_1501038356247{padding-top: 8% !important;padding-bottom: 6% !important;}\u00a0\u00bb][vc_column][vc_row_inner][vc_column_inner][vc_custom_heading heading_style=\u00a0\u00bbheading_style_1&Prime; text=\u00a0\u00bbContact\u00a0\u00bb font_container=\u00a0\u00bbtag:h2|text_align:center\u00a0\u00bb use_theme_fonts=\u00a0\u00bbyes\u00a0\u00bb][vc_custom_heading heading_style=\u00a0\u00bbsub_heading_style_1&Prime; text=\u00a0\u00bbAVEZ VOUS UN PROJET? CHOISISSEZ DE TRAVAILLER AVEC MOI!\u00a0\u00bb font_container=\u00a0\u00bbtag:h2|text_align:center\u00a0\u00bb use_theme_fonts=\u00a0\u00bbyes\u00a0\u00bb][\/vc_column_inner][\/vc_row_inner][vc_row_inner css=\u00a0\u00bb.vc_custom_1501037364667{padding-top: 6% !important;}\u00a0\u00bb][vc_column_inner width=\u00a0\u00bb1\/3&Prime;][\/vc_column_inner][vc_column_inner width=\u00a0\u00bb1\/3&Prime;][\/vc_column_inner][vc_column_inner width=\u00a0\u00bb1\/3&Prime;][\/vc_column_inner][\/vc_row_inner][\/vc_column][\/vc_row][vc_row][vc_column][vc_row_inner css=\u00a0\u00bb.vc_custom_1501040181548{padding-bottom: 6% !important;}\u00a0\u00bb][vc_column_inner][vc_custom_heading heading_style=\u00a0\u00bbheading_style_1&Prime; text=\u00a0\u00bbEnvoyer un message\u00a0\u00bb font_container=\u00a0\u00bbtag:h2|text_align:center\u00a0\u00bb use_theme_fonts=\u00a0\u00bbyes\u00a0\u00bb][vc_custom_heading heading_style=\u00a0\u00bbsub_heading_style_1&Prime; text=\u00a0\u00bbNOUS METTONS VOTRE ID\u00c9E \u00c0 LA LUMI\u00c8RE DEVOTRE MEILLEUR!\u00a0\u00bb font_container=\u00a0\u00bbtag:h2|text_align:center\u00a0\u00bb use_theme_fonts=\u00a0\u00bbyes\u00a0\u00bb][\/vc_column_inner][\/vc_row_inner][vc_row_inner][vc_column_inner width=\u00a0\u00bb1\/6&Prime;][\/vc_column_inner][vc_column_inner width=\u00a0\u00bb2\/3&Prime;][vc_column_text] [\/vc_column_text][\/vc_column_inner][vc_column_inner width=\u00a0\u00bb1\/6&Prime;][\/vc_column_inner][\/vc_row_inner][\/vc_column][\/vc_row]<\/p>\n","protected":false},"author":3,"featured_media":2743,"parent":0,"menu_order":0,"comment_status":"closed","ping_status":"closed","template":"","meta":[],"yoast_head":"<!-- This site is optimized with the Yoast SEO plugin v20.5 - https:\/\/yoast.com\/wordpress\/plugins\/seo\/ -->\n<title>Contact - Adrian Buliga<\/title>\n<meta name=\"description\" content=\"Adrian Buliga - r\u00e9alisateur et producteur cinema, cr\u00e9ateur lumi\u00e8re et formateur. AVEZ VOUS UN PROJET? CHOISISSEZ DE TRAVAILLER AVEC MOI!\" \/>\n<meta name=\"robots\" content=\"index, follow, max-snippet:-1, max-image-preview:large, max-video-preview:-1\" \/>\n<link rel=\"canonical\" href=\"https:\/\/adrianbuliga.com\/fr\/contact\/\" \/>\n<meta property=\"og:locale\" content=\"fr_FR\" \/>\n<meta property=\"og:type\" content=\"article\" \/>\n<meta property=\"og:title\" content=\"Contact - Adrian Buliga\" \/>\n<meta property=\"og:description\" content=\"Adrian Buliga - r\u00e9alisateur et producteur cinema, cr\u00e9ateur lumi\u00e8re et formateur. AVEZ VOUS UN PROJET? CHOISISSEZ DE TRAVAILLER AVEC MOI!\" \/>\n<meta property=\"og:url\" content=\"https:\/\/adrianbuliga.com\/fr\/contact\/\" \/>\n<meta property=\"og:site_name\" content=\"Adrian Buliga\" \/>\n<meta property=\"article:publisher\" content=\"https:\/\/www.facebook.com\/adrian.buliga.7\" \/>\n<meta property=\"article:modified_time\" content=\"2023-04-04T14:45:49+00:00\" \/>\n<meta property=\"og:image\" content=\"https:\/\/adrianbuliga.com\/wp-content\/uploads\/2023\/04\/logo-HONEY-05-modified.png\" \/>\n\t<meta property=\"og:image:width\" content=\"4392\" \/>\n\t<meta property=\"og:image:height\" content=\"4392\" \/>\n\t<meta property=\"og:image:type\" content=\"image\/png\" \/>\n<meta name=\"twitter:card\" content=\"summary_large_image\" \/>\n<meta name=\"twitter:label1\" content=\"Dur\u00e9e de lecture estim\u00e9e\" \/>\n\t<meta name=\"twitter:data1\" content=\"1 minute\" \/>\n<script type=\"application\/ld+json\" class=\"yoast-schema-graph\">{\"@context\":\"https:\/\/schema.org\",\"@graph\":[{\"@type\":\"WebPage\",\"@id\":\"https:\/\/adrianbuliga.com\/fr\/contact\/\",\"url\":\"https:\/\/adrianbuliga.com\/fr\/contact\/\",\"name\":\"Contact - Adrian Buliga\",\"isPartOf\":{\"@id\":\"https:\/\/adrianbuliga.com\/#website\"},\"datePublished\":\"2017-07-16T22:17:24+00:00\",\"dateModified\":\"2023-04-04T14:45:49+00:00\",\"description\":\"Adrian Buliga - r\u00e9alisateur et producteur cinema, cr\u00e9ateur lumi\u00e8re et formateur. AVEZ VOUS UN PROJET? CHOISISSEZ DE TRAVAILLER AVEC MOI!\",\"breadcrumb\":{\"@id\":\"https:\/\/adrianbuliga.com\/fr\/contact\/#breadcrumb\"},\"inLanguage\":\"fr-FR\",\"potentialAction\":[{\"@type\":\"ReadAction\",\"target\":[\"https:\/\/adrianbuliga.com\/fr\/contact\/\"]}]},{\"@type\":\"BreadcrumbList\",\"@id\":\"https:\/\/adrianbuliga.com\/fr\/contact\/#breadcrumb\",\"itemListElement\":[{\"@type\":\"ListItem\",\"position\":1,\"name\":\"Prima pagin\u0103\",\"item\":\"https:\/\/adrianbuliga.com\/fr\/\"},{\"@type\":\"ListItem\",\"position\":2,\"name\":\"Contact\"}]},{\"@type\":\"WebSite\",\"@id\":\"https:\/\/adrianbuliga.com\/#website\",\"url\":\"https:\/\/adrianbuliga.com\/\",\"name\":\"Adrian Buliga\",\"description\":\"Film director | Lighting designer\",\"publisher\":{\"@id\":\"https:\/\/adrianbuliga.com\/#organization\"},\"potentialAction\":[{\"@type\":\"SearchAction\",\"target\":{\"@type\":\"EntryPoint\",\"urlTemplate\":\"https:\/\/adrianbuliga.com\/?s={search_term_string}\"},\"query-input\":\"required name=search_term_string\"}],\"inLanguage\":\"fr-FR\"},{\"@type\":\"Organization\",\"@id\":\"https:\/\/adrianbuliga.com\/#organization\",\"name\":\"Adrian Buliga\",\"url\":\"https:\/\/adrianbuliga.com\/\",\"logo\":{\"@type\":\"ImageObject\",\"inLanguage\":\"fr-FR\",\"@id\":\"https:\/\/adrianbuliga.com\/#\/schema\/logo\/image\/\",\"url\":\"https:\/\/adrianbuliga.com\/wp-content\/uploads\/2023\/04\/logo-HONEY-05-modified.png\",\"contentUrl\":\"https:\/\/adrianbuliga.com\/wp-content\/uploads\/2023\/04\/logo-HONEY-05-modified.png\",\"width\":4392,\"height\":4392,\"caption\":\"Adrian Buliga\"},\"image\":{\"@id\":\"https:\/\/adrianbuliga.com\/#\/schema\/logo\/image\/\"},\"sameAs\":[\"https:\/\/www.facebook.com\/adrian.buliga.7\",\"https:\/\/www.instagram.com\/buliga.adrian79\/\"]}]}<\/script>\n<!-- \/ Yoast SEO plugin. -->","yoast_head_json":{"title":"Contact - Adrian Buliga","description":"Adrian Buliga - r\u00e9alisateur et producteur cinema, cr\u00e9ateur lumi\u00e8re et formateur. AVEZ VOUS UN PROJET? CHOISISSEZ DE TRAVAILLER AVEC MOI!","robots":{"index":"index","follow":"follow","max-snippet":"max-snippet:-1","max-image-preview":"max-image-preview:large","max-video-preview":"max-video-preview:-1"},"canonical":"https:\/\/adrianbuliga.com\/fr\/contact\/","og_locale":"fr_FR","og_type":"article","og_title":"Contact - Adrian Buliga","og_description":"Adrian Buliga - r\u00e9alisateur et producteur cinema, cr\u00e9ateur lumi\u00e8re et formateur. AVEZ VOUS UN PROJET? CHOISISSEZ DE TRAVAILLER AVEC MOI!","og_url":"https:\/\/adrianbuliga.com\/fr\/contact\/","og_site_name":"Adrian Buliga","article_publisher":"https:\/\/www.facebook.com\/adrian.buliga.7","article_modified_time":"2023-04-04T14:45:49+00:00","og_image":[{"width":4392,"height":4392,"url":"https:\/\/adrianbuliga.com\/wp-content\/uploads\/2023\/04\/logo-HONEY-05-modified.png","type":"image\/png"}],"twitter_card":"summary_large_image","twitter_misc":{"Dur\u00e9e de lecture estim\u00e9e":"1 minute"},"schema":{"@context":"https:\/\/schema.org","@graph":[{"@type":"WebPage","@id":"https:\/\/adrianbuliga.com\/fr\/contact\/","url":"https:\/\/adrianbuliga.com\/fr\/contact\/","name":"Contact - Adrian Buliga","isPartOf":{"@id":"https:\/\/adrianbuliga.com\/#website"},"datePublished":"2017-07-16T22:17:24+00:00","dateModified":"2023-04-04T14:45:49+00:00","description":"Adrian Buliga - r\u00e9alisateur et producteur cinema, cr\u00e9ateur lumi\u00e8re et formateur. AVEZ VOUS UN PROJET? CHOISISSEZ DE TRAVAILLER AVEC MOI!","breadcrumb":{"@id":"https:\/\/adrianbuliga.com\/fr\/contact\/#breadcrumb"},"inLanguage":"fr-FR","potentialAction":[{"@type":"ReadAction","target":["https:\/\/adrianbuliga.com\/fr\/contact\/"]}]},{"@type":"BreadcrumbList","@id":"https:\/\/adrianbuliga.com\/fr\/contact\/#breadcrumb","itemListElement":[{"@type":"ListItem","position":1,"name":"Prima pagin\u0103","item":"https:\/\/adrianbuliga.com\/fr\/"},{"@type":"ListItem","position":2,"name":"Contact"}]},{"@type":"WebSite","@id":"https:\/\/adrianbuliga.com\/#website","url":"https:\/\/adrianbuliga.com\/","name":"Adrian Buliga","description":"Film director | Lighting designer","publisher":{"@id":"https:\/\/adrianbuliga.com\/#organization"},"potentialAction":[{"@type":"SearchAction","target":{"@type":"EntryPoint","urlTemplate":"https:\/\/adrianbuliga.com\/?s={search_term_string}"},"query-input":"required name=search_term_string"}],"inLanguage":"fr-FR"},{"@type":"Organization","@id":"https:\/\/adrianbuliga.com\/#organization","name":"Adrian Buliga","url":"https:\/\/adrianbuliga.com\/","logo":{"@type":"ImageObject","inLanguage":"fr-FR","@id":"https:\/\/adrianbuliga.com\/#\/schema\/logo\/image\/","url":"https:\/\/adrianbuliga.com\/wp-content\/uploads\/2023\/04\/logo-HONEY-05-modified.png","contentUrl":"https:\/\/adrianbuliga.com\/wp-content\/uploads\/2023\/04\/logo-HONEY-05-modified.png","width":4392,"height":4392,"caption":"Adrian Buliga"},"image":{"@id":"https:\/\/adrianbuliga.com\/#\/schema\/logo\/image\/"},"sameAs":["https:\/\/www.facebook.com\/adrian.buliga.7","https:\/\/www.instagram.com\/buliga.adrian79\/"]}]}},"_links":{"self":[{"href":"https:\/\/adrianbuliga.com\/fr\/wp-json\/wp\/v2\/pages\/2570"}],"collection":[{"href":"https:\/\/adrianbuliga.com\/fr\/wp-json\/wp\/v2\/pages"}],"about":[{"href":"https:\/\/adrianbuliga.com\/fr\/wp-json\/wp\/v2\/types\/page"}],"author":[{"embeddable":true,"href":"https:\/\/adrianbuliga.com\/fr\/wp-json\/wp\/v2\/users\/3"}],"replies":[{"embeddable":true,"href":"https:\/\/adrianbuliga.com\/fr\/wp-json\/wp\/v2\/comments?post=2570"}],"version-history":[{"count":11,"href":"https:\/\/adrianbuliga.com\/fr\/wp-json\/wp\/v2\/pages\/2570\/revisions"}],"predecessor-version":[{"id":2806,"href":"https:\/\/adrianbuliga.com\/fr\/wp-json\/wp\/v2\/pages\/2570\/revisions\/2806"}],"wp:featuredmedia":[{"embeddable":true,"href":"https:\/\/adrianbuliga.com\/fr\/wp-json\/wp\/v2\/media\/2743"}],"wp:attachment":[{"href":"https:\/\/adrianbuliga.com\/fr\/wp-json\/wp\/v2\/media?parent=2570"}],"curies":[{"name":"wp","href":"https:\/\/api.w.org\/{rel}","templated":true}]}}